{"id":44,"date":"2025-07-14T12:26:32","date_gmt":"2025-07-14T10:26:32","guid":{"rendered":"https:\/\/bovedafilms.com\/?page_id=44"},"modified":"2025-08-26T12:07:29","modified_gmt":"2025-08-26T10:07:29","slug":"legal-notice","status":"publish","type":"page","link":"https:\/\/bovedafilms.com\/en\/aviso-legal\/","title":{"rendered":"Legal notice"},"content":{"rendered":"<div data-elementor-type=\"wp-page\" data-elementor-id=\"44\" class=\"elementor elementor-44\" data-elementor-post-type=\"page\">\n\t\t\t\t<div class=\"elementor-element elementor-element-1b955be e-flex e-con-boxed e-con e-parent\" data-id=\"1b955be\" data-element_type=\"container\" data-e-type=\"container\">\n\t\t\t\t\t<div class=\"e-con-inner\">\n\t\t\t\t<div class=\"elementor-element elementor-element-376a5cb elementor-widget elementor-widget-heading\" data-id=\"376a5cb\" data-element_type=\"widget\" data-e-type=\"widget\" data-widget_type=\"heading.default\">\n\t\t\t\t\t<h2 class=\"elementor-heading-title elementor-size-default\">Legal notice and general conditions of use.\n<\/h2>\t\t\t\t<\/div>\n\t\t\t\t<div class=\"elementor-element elementor-element-6d3e368 elementor-widget elementor-widget-text-editor\" data-id=\"6d3e368\" data-element_type=\"widget\" data-e-type=\"widget\" data-widget_type=\"text-editor.default\">\n\t\t\t\t\t\t\t\t\t<p>I. GENERAL INFORMATION<\/p>\t\t\t\t\t\t\t\t<\/div>\n\t\t\t\t<div class=\"elementor-element elementor-element-145c0c9 elementor-widget elementor-widget-text-editor\" data-id=\"145c0c9\" data-element_type=\"widget\" data-e-type=\"widget\" data-widget_type=\"text-editor.default\">\n\t\t\t\t\t\t\t\t\t<p>In compliance with the duty of information provided in Law 34\/2002 on Information Society Services and Electronic Commerce (LSSI-CE) of July 11, the following general information about this website is provided below:<\/p><p>The ownership of this website, https:\/\/bovedafilms.com, (hereinafter, Website) is held by: Ana Cinta Alonso Hern\u00e1ndez, with NIF: 28810523X, and whose contact details are:<\/p><p>Contact email: hola@bovedafilms.com<\/p>\t\t\t\t\t\t\t\t<\/div>\n\t\t\t\t<div class=\"elementor-element elementor-element-8acfc1e elementor-widget elementor-widget-text-editor\" data-id=\"8acfc1e\" data-element_type=\"widget\" data-e-type=\"widget\" data-widget_type=\"text-editor.default\">\n\t\t\t\t\t\t\t\t\t<p>II. GENERAL TERMS AND CONDITIONS OF USE<\/p>\t\t\t\t\t\t\t\t<\/div>\n\t\t\t\t<div class=\"elementor-element elementor-element-e0a472f elementor-widget elementor-widget-text-editor\" data-id=\"e0a472f\" data-element_type=\"widget\" data-e-type=\"widget\" data-widget_type=\"text-editor.default\">\n\t\t\t\t\t\t\t\t\t<p>The purpose of the conditions: The Website<\/p>\t\t\t\t\t\t\t\t<\/div>\n\t\t\t\t<div class=\"elementor-element elementor-element-4548fa5 elementor-widget elementor-widget-text-editor\" data-id=\"4548fa5\" data-element_type=\"widget\" data-e-type=\"widget\" data-widget_type=\"text-editor.default\">\n\t\t\t\t\t\t\t\t\t<p>The purpose of these General Conditions of Use (hereinafter, Conditions) is to regulate access to and use of the Website. For the purposes of these Conditions, the Website shall be understood as: the external appearance of the screen interfaces, both static and dynamic, i.e., the navigation tree; and all elements integrated into both the screen interfaces and the navigation tree (hereinafter, Contents) and all online services or resources that it may offer to Users (hereinafter, Services).<\/p><p>B\u00d3VEDA FILMS reserves the right to modify, at any time and without prior notice, the presentation and configuration of the Website and the Content and Services incorporated therein. The User acknowledges and accepts that B\u00d3VEDA FILMS may, at any time, interrupt, deactivate, and\/or cancel any of these elements that are part of the Website or access to them.<\/p>\t\t\t\t\t\t\t\t<\/div>\n\t\t\t\t<div class=\"elementor-element elementor-element-d22458e elementor-widget elementor-widget-text-editor\" data-id=\"d22458e\" data-element_type=\"widget\" data-e-type=\"widget\" data-widget_type=\"text-editor.default\">\n\t\t\t\t\t\t\t\t\t<p>The User<\/p>\t\t\t\t\t\t\t\t<\/div>\n\t\t\t\t<div class=\"elementor-element elementor-element-9441500 elementor-widget elementor-widget-text-editor\" data-id=\"9441500\" data-element_type=\"widget\" data-e-type=\"widget\" data-widget_type=\"text-editor.default\">\n\t\t\t\t\t\t\t\t\t<p>Access, browsing, and use of the Website confers the status of User, and Users therefore accept, from the moment they begin browsing the Website, all the Conditions established herein, as well as any subsequent modifications, without prejudice to the application of the corresponding mandatory legal regulations, as applicable. Given the importance of the foregoing, the User is advised to read them each time they visit the Website.<\/p><p>The B\u00d3VEDA FILMS Website provides a wide variety of information, services, and data. Users are responsible for proper use of the Website. This responsibility extends to:<\/p><ul><li>Any use of the information, Content and\/or Services and data offered by B\u00d3VEDA FILMS that is not contrary to the provisions of these Conditions, the Law, morality or public order, or that in any other way may imply infringement of the rights of third parties or the operation of the Website itself.<\/li><li>The veracity and legality of the information provided by the User in the forms provided by B\u00d3VEDA FILMS to access certain Content or Services offered by the Website. In any case, the User must immediately notify B\u00d3VEDA FILMS of any event that may lead to the improper use of the information entered in said forms, such as, but not limited to, theft, loss, or unauthorized access to identifiers and\/or passwords, so that they can be immediately cancelled.<\/li><\/ul><div>\u00a0<\/div><p>Mere access to this Website does not imply any commercial relationship between B\u00d3VEDA FILMS and the User.<\/p>\t\t\t\t\t\t\t\t<\/div>\n\t\t\t\t<div class=\"elementor-element elementor-element-bf27c5f elementor-widget elementor-widget-text-editor\" data-id=\"bf27c5f\" data-element_type=\"widget\" data-e-type=\"widget\" data-widget_type=\"text-editor.default\">\n\t\t\t\t\t\t\t\t\t<p>III. ACCESS AND NAVIGATION ON THE WEBSITE: EXCLUSION OF WARRANTIES AND LIABILITY<\/p>\t\t\t\t\t\t\t\t<\/div>\n\t\t\t\t<div class=\"elementor-element elementor-element-d655b5f elementor-widget elementor-widget-text-editor\" data-id=\"d655b5f\" data-element_type=\"widget\" data-e-type=\"widget\" data-widget_type=\"text-editor.default\">\n\t\t\t\t\t\t\t\t\t<p>B\u00d3VEDA FILMS does not guarantee the continuity, availability, or usefulness of the Website, nor of the Content or Services. B\u00d3VEDA FILMS will do everything possible to ensure the proper functioning of the Website; however, it is not responsible for, nor does it guarantee, that access to this Website will be uninterrupted or error-free.<\/p><p>Neither is B\u00d3VEDA FILMS responsible for nor guarantees that the content or software accessible through this Website is error-free or will cause damage to the User&#039;s computer system (software and hardware). Under no circumstances will B\u00d3VEDA FILMS be liable for any loss, damage, or harm of any kind arising from access to, browsing in, or use of the Website, including, but not limited to, damage to computer systems or caused by the introduction of viruses.<\/p><p>B\u00d3VEDA FILMS is also not responsible for any damages that may be caused to users due to improper use of this Website. In particular, it is not liable in any way for any telecommunications outages, interruptions, failures, or defects that may occur.<\/p>\t\t\t\t\t\t\t\t<\/div>\n\t\t\t\t<div class=\"elementor-element elementor-element-3110c8b elementor-widget elementor-widget-text-editor\" data-id=\"3110c8b\" data-element_type=\"widget\" data-e-type=\"widget\" data-widget_type=\"text-editor.default\">\n\t\t\t\t\t\t\t\t\t<p>IV. LINKS POLICY<\/p>\t\t\t\t\t\t\t\t<\/div>\n\t\t\t\t<div class=\"elementor-element elementor-element-412f574 elementor-widget elementor-widget-text-editor\" data-id=\"412f574\" data-element_type=\"widget\" data-e-type=\"widget\" data-widget_type=\"text-editor.default\">\n\t\t\t\t\t\t\t\t\t<p>B\u00d3VEDA FILMS does not offer or market, either itself or through third parties, the products and\/or services available on such linked sites.<\/p><p>The User or third party who creates a hyperlink from a web page of another, different, website to the B\u00d3VEDA FILMS Website must know that:<\/p><p>Reproduction\u2014in whole or in part\u2014of any of the Content and\/or Services of the Website is not permitted without the express authorization of B\u00d3VEDA FILMS.<\/p><p>Any false, inaccurate or incorrect statements about the B\u00d3VEDA FILMS Website, or its Contents and\/or Services, are also prohibited.<\/p><p>With the exception of the hyperlink, the website on which said hyperlink is established will not contain any element of this Website protected as intellectual property by Spanish law, unless expressly authorized by B\u00d3VEDA FILMS.<\/p><p>The establishment of the hyperlink does not imply the existence of any relationship between B\u00d3VEDA FILMS and the owner of the website from which it is created, nor does it imply B\u00d3VEDA FILMS&#039;s knowledge and acceptance of the content, services and\/or activities offered on said website, and vice versa.<\/p>\t\t\t\t\t\t\t\t<\/div>\n\t\t\t\t<div class=\"elementor-element elementor-element-4214646 elementor-widget elementor-widget-text-editor\" data-id=\"4214646\" data-element_type=\"widget\" data-e-type=\"widget\" data-widget_type=\"text-editor.default\">\n\t\t\t\t\t\t\t\t\t<p>V. INTELLECTUAL AND INDUSTRIAL PROPERTY<\/p>\t\t\t\t\t\t\t\t<\/div>\n\t\t\t\t<div class=\"elementor-element elementor-element-bbeb4d7 elementor-widget elementor-widget-text-editor\" data-id=\"bbeb4d7\" data-element_type=\"widget\" data-e-type=\"widget\" data-widget_type=\"text-editor.default\">\n\t\t\t\t\t\t\t\t\t<p>B\u00d3VEDA FILMS, either itself or as an assignee, is the owner of all intellectual and industrial property rights of the Website, as well as of the elements contained therein (including, but not limited to, images, sound, audio, video, software or texts, trademarks or logos, color combinations, structure and design, selection of materials used, computer programs necessary for its operation, access and use, etc.). Consequently, these works are protected as intellectual property by Spanish law, and both Spanish and European regulations in this field, as well as international treaties relating to the subject matter signed by Spain, are applicable to them.<\/p><p>All rights reserved. Pursuant to the provisions of the Intellectual Property Law, the reproduction, distribution, and public communication, including making available, of all or part of the contents of this website for commercial purposes, on any medium and by any technical means, are expressly prohibited without the authorization of B\u00d3VEDA FILMS.<\/p><p>The User agrees to respect the intellectual and industrial property rights of B\u00d3VEDA FILMS. The User may view the elements of the Website or even print, copy, and store them on his or her computer&#039;s hard drive or any other physical medium, provided that this is done exclusively for his or her personal use. However, the User may not delete, alter, or manipulate any protective device or security system installed on the Website.<\/p><p>If the User or a third party considers that any of the Website Content constitutes a violation of intellectual property rights, they must immediately notify B\u00d3VEDA FILMS using the contact information in the GENERAL INFORMATION section of this Legal Notice and General Conditions of Use.<\/p>\t\t\t\t\t\t\t\t<\/div>\n\t\t\t\t<div class=\"elementor-element elementor-element-79af310 elementor-widget elementor-widget-text-editor\" data-id=\"79af310\" data-element_type=\"widget\" data-e-type=\"widget\" data-widget_type=\"text-editor.default\">\n\t\t\t\t\t\t\t\t\t<p>VI. LEGAL ACTIONS, APPLICABLE LEGISLATION AND JURISDICTION<\/p>\t\t\t\t\t\t\t\t<\/div>\n\t\t\t\t<div class=\"elementor-element elementor-element-504b332 elementor-widget elementor-widget-text-editor\" data-id=\"504b332\" data-element_type=\"widget\" data-e-type=\"widget\" data-widget_type=\"text-editor.default\">\n\t\t\t\t\t\t\t\t\t<p>B\u00d3VEDA FILMS reserves the right to take any civil or criminal action it deems necessary for improper use of the Website and Content, or for non-compliance with these Terms and Conditions.<\/p><p>The relationship between the User and B\u00d3VEDA FILMS shall be governed by the regulations in force and applicable in Spain. Should any dispute arise regarding the interpretation and\/or application of these Terms and Conditions, the parties shall submit their disputes to ordinary jurisdiction, submitting to the appropriate courts and tribunals.<\/p><p>This Legal Notice and General Terms of Use document for the website was created using the online Legal Notice and Terms of Use template generator on July 16, 2021.<\/p>\t\t\t\t\t\t\t\t<\/div>\n\t\t\t\t\t<\/div>\n\t\t\t\t<\/div>\n\t\t\t\t<\/div>","protected":false},"excerpt":{"rendered":"<p>Aviso legal y condiciones generales de uso. I. INFORMACI\u00d3N GENERAL En cumplimiento con el deber de informaci\u00f3n dispuesto en la Ley 34\/2002 de Servicios de la Sociedad de la Informaci\u00f3n y el Comercio Electr\u00f3nico (LSSI-CE) de 11 de julio, se facilitan a continuaci\u00f3n los siguientes datos de informaci\u00f3n general de este sitio web: La titularidad [&hellip;]<\/p>\n","protected":false},"author":2,"featured_media":0,"parent":0,"menu_order":0,"comment_status":"closed","ping_status":"closed","template":"","meta":{"_acf_changed":false,"footnotes":""},"class_list":["post-44","page","type-page","status-publish","hentry"],"acf":[],"yoast_head":"<!-- This site is optimized with the Yoast SEO plugin v27.4 - https:\/\/yoast.com\/product\/yoast-seo-wordpress\/ -->\n<title>Aviso legal | B\u00f3veda Films<\/title>\n<meta name=\"robots\" content=\"noindex, nofollow\" \/>\n<meta property=\"og:locale\" content=\"en_GB\" \/>\n<meta property=\"og:type\" content=\"article\" \/>\n<meta property=\"og:title\" content=\"Aviso legal | B\u00f3veda Films\" \/>\n<meta property=\"og:description\" content=\"Aviso legal y condiciones generales de uso. I. INFORMACI\u00d3N GENERAL En cumplimiento con el deber de informaci\u00f3n dispuesto en la Ley 34\/2002 de Servicios de la Sociedad de la Informaci\u00f3n y el Comercio Electr\u00f3nico (LSSI-CE) de 11 de julio, se facilitan a continuaci\u00f3n los siguientes datos de informaci\u00f3n general de este sitio web: La titularidad [&hellip;]\" \/>\n<meta property=\"og:url\" content=\"https:\/\/bovedafilms.com\/en\/legal-notice\/\" \/>\n<meta property=\"og:site_name\" content=\"B\u00f3veda Films\" \/>\n<meta property=\"article:modified_time\" content=\"2025-08-26T10:07:29+00:00\" \/>\n<meta name=\"twitter:card\" content=\"summary_large_image\" \/>\n<meta name=\"twitter:label1\" content=\"Estimated reading time\" \/>\n\t<meta name=\"twitter:data1\" content=\"7 minutes\" \/>\n<script type=\"application\/ld+json\" class=\"yoast-schema-graph\">{\"@context\":\"https:\\\/\\\/schema.org\",\"@graph\":[{\"@type\":\"WebPage\",\"@id\":\"https:\\\/\\\/bovedafilms.com\\\/aviso-legal\\\/\",\"url\":\"https:\\\/\\\/bovedafilms.com\\\/aviso-legal\\\/\",\"name\":\"Aviso legal | B\u00f3veda Films\",\"isPartOf\":{\"@id\":\"https:\\\/\\\/bovedafilms.com\\\/#website\"},\"datePublished\":\"2025-07-14T10:26:32+00:00\",\"dateModified\":\"2025-08-26T10:07:29+00:00\",\"breadcrumb\":{\"@id\":\"https:\\\/\\\/bovedafilms.com\\\/aviso-legal\\\/#breadcrumb\"},\"inLanguage\":\"en-GB\",\"potentialAction\":[{\"@type\":\"ReadAction\",\"target\":[\"https:\\\/\\\/bovedafilms.com\\\/aviso-legal\\\/\"]}]},{\"@type\":\"BreadcrumbList\",\"@id\":\"https:\\\/\\\/bovedafilms.com\\\/aviso-legal\\\/#breadcrumb\",\"itemListElement\":[{\"@type\":\"ListItem\",\"position\":1,\"name\":\"Portada\",\"item\":\"https:\\\/\\\/bovedafilms.com\\\/\"},{\"@type\":\"ListItem\",\"position\":2,\"name\":\"Aviso legal\"}]},{\"@type\":\"WebSite\",\"@id\":\"https:\\\/\\\/bovedafilms.com\\\/#website\",\"url\":\"https:\\\/\\\/bovedafilms.com\\\/\",\"name\":\"B\u00f3veda Films\",\"description\":\"Vide\u00f3grafos de boda en Sevilla y toda Espa\u00f1a\",\"publisher\":{\"@id\":\"https:\\\/\\\/bovedafilms.com\\\/#organization\"},\"alternateName\":\"B\u00f3veda Films vide\u00f3grafos de boda\",\"potentialAction\":[{\"@type\":\"SearchAction\",\"target\":{\"@type\":\"EntryPoint\",\"urlTemplate\":\"https:\\\/\\\/bovedafilms.com\\\/?s={search_term_string}\"},\"query-input\":{\"@type\":\"PropertyValueSpecification\",\"valueRequired\":true,\"valueName\":\"search_term_string\"}}],\"inLanguage\":\"en-GB\"},{\"@type\":\"Organization\",\"@id\":\"https:\\\/\\\/bovedafilms.com\\\/#organization\",\"name\":\"B\u00f3veda Films\",\"alternateName\":\"Vide\u00f3grafos de boda B\u00f3veda Films\",\"url\":\"https:\\\/\\\/bovedafilms.com\\\/\",\"logo\":{\"@type\":\"ImageObject\",\"inLanguage\":\"en-GB\",\"@id\":\"https:\\\/\\\/bovedafilms.com\\\/#\\\/schema\\\/logo\\\/image\\\/\",\"url\":\"https:\\\/\\\/bovedafilms.com\\\/wp-content\\\/uploads\\\/2025\\\/09\\\/cropped-favicon-1.webp\",\"contentUrl\":\"https:\\\/\\\/bovedafilms.com\\\/wp-content\\\/uploads\\\/2025\\\/09\\\/cropped-favicon-1.webp\",\"width\":512,\"height\":512,\"caption\":\"B\u00f3veda Films\"},\"image\":{\"@id\":\"https:\\\/\\\/bovedafilms.com\\\/#\\\/schema\\\/logo\\\/image\\\/\"},\"sameAs\":[\"https:\\\/\\\/www.instagram.com\\\/bovedafilms\\\/\",\"https:\\\/\\\/vimeo.com\\\/bovedafilms\",\"https:\\\/\\\/www.tiktok.com\\\/@bovedafilms\",\"https:\\\/\\\/www.facebook.com\\\/bovedafilms\\\/\"]}]}<\/script>\n<!-- \/ Yoast SEO plugin. -->","yoast_head_json":{"title":"Legal notice | Vault Films","robots":{"index":"noindex","follow":"nofollow"},"og_locale":"en_GB","og_type":"article","og_title":"Aviso legal | B\u00f3veda Films","og_description":"Aviso legal y condiciones generales de uso. I. INFORMACI\u00d3N GENERAL En cumplimiento con el deber de informaci\u00f3n dispuesto en la Ley 34\/2002 de Servicios de la Sociedad de la Informaci\u00f3n y el Comercio Electr\u00f3nico (LSSI-CE) de 11 de julio, se facilitan a continuaci\u00f3n los siguientes datos de informaci\u00f3n general de este sitio web: La titularidad [&hellip;]","og_url":"https:\/\/bovedafilms.com\/en\/legal-notice\/","og_site_name":"B\u00f3veda Films","article_modified_time":"2025-08-26T10:07:29+00:00","twitter_card":"summary_large_image","twitter_misc":{"Estimated reading time":"7 minutes"},"schema":{"@context":"https:\/\/schema.org","@graph":[{"@type":"WebPage","@id":"https:\/\/bovedafilms.com\/aviso-legal\/","url":"https:\/\/bovedafilms.com\/aviso-legal\/","name":"Legal notice | Vault Films","isPartOf":{"@id":"https:\/\/bovedafilms.com\/#website"},"datePublished":"2025-07-14T10:26:32+00:00","dateModified":"2025-08-26T10:07:29+00:00","breadcrumb":{"@id":"https:\/\/bovedafilms.com\/aviso-legal\/#breadcrumb"},"inLanguage":"en-GB","potentialAction":[{"@type":"ReadAction","target":["https:\/\/bovedafilms.com\/aviso-legal\/"]}]},{"@type":"BreadcrumbList","@id":"https:\/\/bovedafilms.com\/aviso-legal\/#breadcrumb","itemListElement":[{"@type":"ListItem","position":1,"name":"Portada","item":"https:\/\/bovedafilms.com\/"},{"@type":"ListItem","position":2,"name":"Aviso legal"}]},{"@type":"WebSite","@id":"https:\/\/bovedafilms.com\/#website","url":"https:\/\/bovedafilms.com\/","name":"B\u00f3veda Films","description":"Wedding videographers in Seville and throughout Spain","publisher":{"@id":"https:\/\/bovedafilms.com\/#organization"},"alternateName":"B\u00f3veda Films vide\u00f3grafos de boda","potentialAction":[{"@type":"SearchAction","target":{"@type":"EntryPoint","urlTemplate":"https:\/\/bovedafilms.com\/?s={search_term_string}"},"query-input":{"@type":"PropertyValueSpecification","valueRequired":true,"valueName":"search_term_string"}}],"inLanguage":"en-GB"},{"@type":"Organization","@id":"https:\/\/bovedafilms.com\/#organization","name":"B\u00f3veda Films","alternateName":"Vide\u00f3grafos de boda B\u00f3veda Films","url":"https:\/\/bovedafilms.com\/","logo":{"@type":"ImageObject","inLanguage":"en-GB","@id":"https:\/\/bovedafilms.com\/#\/schema\/logo\/image\/","url":"https:\/\/bovedafilms.com\/wp-content\/uploads\/2025\/09\/cropped-favicon-1.webp","contentUrl":"https:\/\/bovedafilms.com\/wp-content\/uploads\/2025\/09\/cropped-favicon-1.webp","width":512,"height":512,"caption":"B\u00f3veda Films"},"image":{"@id":"https:\/\/bovedafilms.com\/#\/schema\/logo\/image\/"},"sameAs":["https:\/\/www.instagram.com\/bovedafilms\/","https:\/\/vimeo.com\/bovedafilms","https:\/\/www.tiktok.com\/@bovedafilms","https:\/\/www.facebook.com\/bovedafilms\/"]}]}},"_links":{"self":[{"href":"https:\/\/bovedafilms.com\/en\/wp-json\/wp\/v2\/pages\/44","targetHints":{"allow":["GET"]}}],"collection":[{"href":"https:\/\/bovedafilms.com\/en\/wp-json\/wp\/v2\/pages"}],"about":[{"href":"https:\/\/bovedafilms.com\/en\/wp-json\/wp\/v2\/types\/page"}],"author":[{"embeddable":true,"href":"https:\/\/bovedafilms.com\/en\/wp-json\/wp\/v2\/users\/2"}],"replies":[{"embeddable":true,"href":"https:\/\/bovedafilms.com\/en\/wp-json\/wp\/v2\/comments?post=44"}],"version-history":[{"count":0,"href":"https:\/\/bovedafilms.com\/en\/wp-json\/wp\/v2\/pages\/44\/revisions"}],"wp:attachment":[{"href":"https:\/\/bovedafilms.com\/en\/wp-json\/wp\/v2\/media?parent=44"}],"curies":[{"name":"wp","href":"https:\/\/api.w.org\/{rel}","templated":true}]}}