{"id":49,"date":"2025-07-14T12:29:52","date_gmt":"2025-07-14T10:29:52","guid":{"rendered":"https:\/\/bovedafilms.com\/?page_id=49"},"modified":"2025-08-26T12:07:16","modified_gmt":"2025-08-26T10:07:16","slug":"accessibility","status":"publish","type":"page","link":"https:\/\/bovedafilms.com\/en\/accesibilidad\/","title":{"rendered":"Accessibility"},"content":{"rendered":"<div data-elementor-type=\"wp-page\" data-elementor-id=\"49\" class=\"elementor elementor-49\" data-elementor-post-type=\"page\">\n\t\t\t\t<div class=\"elementor-element elementor-element-dccc0a2 e-flex e-con-boxed e-con e-parent\" data-id=\"dccc0a2\" data-element_type=\"container\" data-e-type=\"container\">\n\t\t\t\t\t<div class=\"e-con-inner\">\n\t\t\t\t<div class=\"elementor-element elementor-element-8d7f5aa elementor-widget elementor-widget-heading\" data-id=\"8d7f5aa\" data-element_type=\"widget\" data-e-type=\"widget\" data-widget_type=\"heading.default\">\n\t\t\t\t\t<h2 class=\"elementor-heading-title elementor-size-default\">Accessibility<\/h2>\t\t\t\t<\/div>\n\t\t\t\t<div class=\"elementor-element elementor-element-436e0c2 elementor-widget elementor-widget-text-editor\" data-id=\"436e0c2\" data-element_type=\"widget\" data-e-type=\"widget\" data-widget_type=\"text-editor.default\">\n\t\t\t\t\t\t\t\t\t<p>COMMITMENT TO ACCESSIBILITY<\/p>\t\t\t\t\t\t\t\t<\/div>\n\t\t\t\t<div class=\"elementor-element elementor-element-efbe404 elementor-widget elementor-widget-text-editor\" data-id=\"efbe404\" data-element_type=\"widget\" data-e-type=\"widget\" data-widget_type=\"text-editor.default\">\n\t\t\t\t\t\t\t\t\t<p>Ana Cinta Alonso Hern\u00e1ndez has committed to making her website accessible, in accordance with Royal Decree 1112\/2018, of September 7, on the accessibility of websites and applications for mobile devices.<br \/>This accessibility statement applies to the website https:\/\/www.bovedafilms.com\/<br \/>This website is fully compliant with Royal Decree 1112\/2018.<br \/>Since it meets the following requirements:<\/p><ul><li>The website is accessible to its users, particularly to older adults and people with disabilities, so that the content is perceptible, operable, understandable, and robust, taking into account the provisions of Article 6.<\/li><li>Accessibility has been integrally considered throughout the design, management, maintenance, and updating of the website&#039;s content.<\/li><li>The website has taken steps to increase accessibility beyond the minimum accessibility level that must be met at all times.<\/li><\/ul><div>\u00a0<\/div>\t\t\t\t\t\t\t\t<\/div>\n\t\t\t\t<div class=\"elementor-element elementor-element-d6301af elementor-widget elementor-widget-text-editor\" data-id=\"d6301af\" data-element_type=\"widget\" data-e-type=\"widget\" data-widget_type=\"text-editor.default\">\n\t\t\t\t\t\t\t\t\t<p>LACK OF COMPLIANCE WITH RD 1112\/2018<\/p>\t\t\t\t\t\t\t\t<\/div>\n\t\t\t\t<div class=\"elementor-element elementor-element-b80b250 elementor-widget elementor-widget-text-editor\" data-id=\"b80b250\" data-element_type=\"widget\" data-e-type=\"widget\" data-widget_type=\"text-editor.default\">\n\t\t\t\t\t\t\t\t\t<p>B\u00d3VEDA FILMS complies with RD 1112\/2018.<\/p>\t\t\t\t\t\t\t\t<\/div>\n\t\t\t\t<div class=\"elementor-element elementor-element-36defeb elementor-widget elementor-widget-text-editor\" data-id=\"36defeb\" data-element_type=\"widget\" data-e-type=\"widget\" data-widget_type=\"text-editor.default\">\n\t\t\t\t\t\t\t\t\t<p>DISPROPORTIONATE BURDEN<\/p>\t\t\t\t\t\t\t\t<\/div>\n\t\t\t\t<div class=\"elementor-element elementor-element-21d4e35 elementor-widget elementor-widget-text-editor\" data-id=\"21d4e35\" data-element_type=\"widget\" data-e-type=\"widget\" data-widget_type=\"text-editor.default\">\n\t\t\t\t\t\t\t\t\t<p>It is not considered that there is a disproportionate burden.<br \/>In order to assess the extent to which compliance with the accessibility requirements set forth in this Royal Decree imposes a disproportionate burden, we have taken into account the following circumstances:<\/p><p style=\"padding-left: 40px;\">a) The size, resources and nature of the specific obligated subject.<br \/>b) The estimated costs and benefits thereof, in relation to the estimated benefits for persons with disabilities and the elderly, taking into account the frequency and duration of use of the website or mobile application in particular.<\/p>\t\t\t\t\t\t\t\t<\/div>\n\t\t\t\t<div class=\"elementor-element elementor-element-bacc1b5 elementor-widget elementor-widget-text-editor\" data-id=\"bacc1b5\" data-element_type=\"widget\" data-e-type=\"widget\" data-widget_type=\"text-editor.default\">\n\t\t\t\t\t\t\t\t\t<p>THE CONTENT DOES NOT FALL WITHIN THE SCOPE OF APPLICABLE LEGISLATION<\/p>\t\t\t\t\t\t\t\t<\/div>\n\t\t\t\t<div class=\"elementor-element elementor-element-48b56da elementor-widget elementor-widget-text-editor\" data-id=\"48b56da\" data-element_type=\"widget\" data-e-type=\"widget\" data-widget_type=\"text-editor.default\">\n\t\t\t\t\t\t\t\t\t<p>n\/a<\/p>\t\t\t\t\t\t\t\t<\/div>\n\t\t\t\t<div class=\"elementor-element elementor-element-1212c3c elementor-widget elementor-widget-text-editor\" data-id=\"1212c3c\" data-element_type=\"widget\" data-e-type=\"widget\" data-widget_type=\"text-editor.default\">\n\t\t\t\t\t\t\t\t\t<p>PREPARATION FOR THE NEXT ACCESSIBILITY STATEMENT<\/p>\t\t\t\t\t\t\t\t<\/div>\n\t\t\t\t<div class=\"elementor-element elementor-element-eea5436 elementor-widget elementor-widget-text-editor\" data-id=\"eea5436\" data-element_type=\"widget\" data-e-type=\"widget\" data-widget_type=\"text-editor.default\">\n\t\t\t\t\t\t\t\t\t<p>This statement was prepared on January 24, 2024.<br \/>The method used to prepare the declaration was a self-assessment carried out by the agency itself.<\/p>\t\t\t\t\t\t\t\t<\/div>\n\t\t\t\t<div class=\"elementor-element elementor-element-9bc328c elementor-widget elementor-widget-text-editor\" data-id=\"9bc328c\" data-element_type=\"widget\" data-e-type=\"widget\" data-widget_type=\"text-editor.default\">\n\t\t\t\t\t\t\t\t\t<p>COMMENTS AND CONTACT INFORMATION<\/p>\t\t\t\t\t\t\t\t<\/div>\n\t\t\t\t<div class=\"elementor-element elementor-element-29cdaeb elementor-widget elementor-widget-text-editor\" data-id=\"29cdaeb\" data-element_type=\"widget\" data-e-type=\"widget\" data-widget_type=\"text-editor.default\">\n\t\t\t\t\t\t\t\t\t<ul><li>You can make communications about accessibility requirements (article 10.2.a of RD 1112\/2018) such as, for example: Report any possible non-compliance by this website, transmit other difficulties in accessing the content, make any other query or suggestion for improvement related to the accessibility of the website through the email hola@bovedafilms.com<\/li><li>You can submit: Complaint regarding compliance with the requirements of RD 1112\/2018 or request for accessible information regarding:<br \/>Contents that are excluded from the scope of RD 1112\/2018 as established by article 3, section 4.<br \/>Content that is exempt from compliance with accessibility requirements because it imposes a disproportionate burden.<\/li><\/ul><div>\u00a0<\/div><p>In the Request for Accessible Information, the facts, reasons, and request must be clearly stated to demonstrate that it is a reasonable and legitimate request.<\/p><p>Complaints and claims regarding accessible information should be submitted via email to hola@bovedafilms.com and will be received and handled by Ana Cinta Alonso Hern\u00e1ndez.<\/p>\t\t\t\t\t\t\t\t<\/div>\n\t\t\t\t\t<\/div>\n\t\t\t\t<\/div>\n\t\t\t\t<\/div>","protected":false},"excerpt":{"rendered":"<p>Accesibilidad COMPROMISO DE ACCESIBILIDAD Ana Cinta Alonso Hern\u00e1ndez se ha comprometido a hacer accesible su sitio web, de conformidad con el Real Decreto 1112\/2018, de 7 de septiembre, sobre accesibilidad de los sitios web y aplicaciones para dispositivos m\u00f3viles.La presente declaraci\u00f3n de accesibilidad se aplica al sitio web https:\/\/www.boveda films.com\/Este sitio web es plenamente conforme [&hellip;]<\/p>\n","protected":false},"author":2,"featured_media":0,"parent":0,"menu_order":0,"comment_status":"closed","ping_status":"closed","template":"","meta":{"_acf_changed":false,"footnotes":""},"class_list":["post-49","page","type-page","status-publish","hentry"],"acf":[],"yoast_head":"<!-- This site is optimized with the Yoast SEO plugin v27.4 - https:\/\/yoast.com\/product\/yoast-seo-wordpress\/ -->\n<title>Accesibilidad | B\u00f3veda Films<\/title>\n<meta name=\"robots\" content=\"noindex, nofollow\" \/>\n<meta property=\"og:locale\" content=\"en_GB\" \/>\n<meta property=\"og:type\" content=\"article\" \/>\n<meta property=\"og:title\" content=\"Accesibilidad | B\u00f3veda Films\" \/>\n<meta property=\"og:description\" content=\"Accesibilidad COMPROMISO DE ACCESIBILIDAD Ana Cinta Alonso Hern\u00e1ndez se ha comprometido a hacer accesible su sitio web, de conformidad con el Real Decreto 1112\/2018, de 7 de septiembre, sobre accesibilidad de los sitios web y aplicaciones para dispositivos m\u00f3viles.La presente declaraci\u00f3n de accesibilidad se aplica al sitio web https:\/\/www.boveda films.com\/Este sitio web es plenamente conforme [&hellip;]\" \/>\n<meta property=\"og:url\" content=\"https:\/\/bovedafilms.com\/en\/accessibility\/\" \/>\n<meta property=\"og:site_name\" content=\"B\u00f3veda Films\" \/>\n<meta property=\"article:modified_time\" content=\"2025-08-26T10:07:16+00:00\" \/>\n<meta name=\"twitter:card\" content=\"summary_large_image\" \/>\n<meta name=\"twitter:label1\" content=\"Estimated reading time\" \/>\n\t<meta name=\"twitter:data1\" content=\"3 minutes\" \/>\n<script type=\"application\/ld+json\" class=\"yoast-schema-graph\">{\"@context\":\"https:\\\/\\\/schema.org\",\"@graph\":[{\"@type\":\"WebPage\",\"@id\":\"https:\\\/\\\/bovedafilms.com\\\/accesibilidad\\\/\",\"url\":\"https:\\\/\\\/bovedafilms.com\\\/accesibilidad\\\/\",\"name\":\"Accesibilidad | B\u00f3veda Films\",\"isPartOf\":{\"@id\":\"https:\\\/\\\/bovedafilms.com\\\/#website\"},\"datePublished\":\"2025-07-14T10:29:52+00:00\",\"dateModified\":\"2025-08-26T10:07:16+00:00\",\"breadcrumb\":{\"@id\":\"https:\\\/\\\/bovedafilms.com\\\/accesibilidad\\\/#breadcrumb\"},\"inLanguage\":\"en-GB\",\"potentialAction\":[{\"@type\":\"ReadAction\",\"target\":[\"https:\\\/\\\/bovedafilms.com\\\/accesibilidad\\\/\"]}]},{\"@type\":\"BreadcrumbList\",\"@id\":\"https:\\\/\\\/bovedafilms.com\\\/accesibilidad\\\/#breadcrumb\",\"itemListElement\":[{\"@type\":\"ListItem\",\"position\":1,\"name\":\"Portada\",\"item\":\"https:\\\/\\\/bovedafilms.com\\\/\"},{\"@type\":\"ListItem\",\"position\":2,\"name\":\"Accesibilidad\"}]},{\"@type\":\"WebSite\",\"@id\":\"https:\\\/\\\/bovedafilms.com\\\/#website\",\"url\":\"https:\\\/\\\/bovedafilms.com\\\/\",\"name\":\"B\u00f3veda Films\",\"description\":\"Vide\u00f3grafos de boda en Sevilla y toda Espa\u00f1a\",\"publisher\":{\"@id\":\"https:\\\/\\\/bovedafilms.com\\\/#organization\"},\"alternateName\":\"B\u00f3veda Films vide\u00f3grafos de boda\",\"potentialAction\":[{\"@type\":\"SearchAction\",\"target\":{\"@type\":\"EntryPoint\",\"urlTemplate\":\"https:\\\/\\\/bovedafilms.com\\\/?s={search_term_string}\"},\"query-input\":{\"@type\":\"PropertyValueSpecification\",\"valueRequired\":true,\"valueName\":\"search_term_string\"}}],\"inLanguage\":\"en-GB\"},{\"@type\":\"Organization\",\"@id\":\"https:\\\/\\\/bovedafilms.com\\\/#organization\",\"name\":\"B\u00f3veda Films\",\"alternateName\":\"Vide\u00f3grafos de boda B\u00f3veda Films\",\"url\":\"https:\\\/\\\/bovedafilms.com\\\/\",\"logo\":{\"@type\":\"ImageObject\",\"inLanguage\":\"en-GB\",\"@id\":\"https:\\\/\\\/bovedafilms.com\\\/#\\\/schema\\\/logo\\\/image\\\/\",\"url\":\"https:\\\/\\\/bovedafilms.com\\\/wp-content\\\/uploads\\\/2025\\\/09\\\/cropped-favicon-1.webp\",\"contentUrl\":\"https:\\\/\\\/bovedafilms.com\\\/wp-content\\\/uploads\\\/2025\\\/09\\\/cropped-favicon-1.webp\",\"width\":512,\"height\":512,\"caption\":\"B\u00f3veda Films\"},\"image\":{\"@id\":\"https:\\\/\\\/bovedafilms.com\\\/#\\\/schema\\\/logo\\\/image\\\/\"},\"sameAs\":[\"https:\\\/\\\/www.instagram.com\\\/bovedafilms\\\/\",\"https:\\\/\\\/vimeo.com\\\/bovedafilms\",\"https:\\\/\\\/www.tiktok.com\\\/@bovedafilms\",\"https:\\\/\\\/www.facebook.com\\\/bovedafilms\\\/\"]}]}<\/script>\n<!-- \/ Yoast SEO plugin. -->","yoast_head_json":{"title":"Accessibility | Vault Films","robots":{"index":"noindex","follow":"nofollow"},"og_locale":"en_GB","og_type":"article","og_title":"Accesibilidad | B\u00f3veda Films","og_description":"Accesibilidad COMPROMISO DE ACCESIBILIDAD Ana Cinta Alonso Hern\u00e1ndez se ha comprometido a hacer accesible su sitio web, de conformidad con el Real Decreto 1112\/2018, de 7 de septiembre, sobre accesibilidad de los sitios web y aplicaciones para dispositivos m\u00f3viles.La presente declaraci\u00f3n de accesibilidad se aplica al sitio web https:\/\/www.boveda films.com\/Este sitio web es plenamente conforme [&hellip;]","og_url":"https:\/\/bovedafilms.com\/en\/accessibility\/","og_site_name":"B\u00f3veda Films","article_modified_time":"2025-08-26T10:07:16+00:00","twitter_card":"summary_large_image","twitter_misc":{"Estimated reading time":"3 minutes"},"schema":{"@context":"https:\/\/schema.org","@graph":[{"@type":"WebPage","@id":"https:\/\/bovedafilms.com\/accesibilidad\/","url":"https:\/\/bovedafilms.com\/accesibilidad\/","name":"Accessibility | Vault Films","isPartOf":{"@id":"https:\/\/bovedafilms.com\/#website"},"datePublished":"2025-07-14T10:29:52+00:00","dateModified":"2025-08-26T10:07:16+00:00","breadcrumb":{"@id":"https:\/\/bovedafilms.com\/accesibilidad\/#breadcrumb"},"inLanguage":"en-GB","potentialAction":[{"@type":"ReadAction","target":["https:\/\/bovedafilms.com\/accesibilidad\/"]}]},{"@type":"BreadcrumbList","@id":"https:\/\/bovedafilms.com\/accesibilidad\/#breadcrumb","itemListElement":[{"@type":"ListItem","position":1,"name":"Portada","item":"https:\/\/bovedafilms.com\/"},{"@type":"ListItem","position":2,"name":"Accesibilidad"}]},{"@type":"WebSite","@id":"https:\/\/bovedafilms.com\/#website","url":"https:\/\/bovedafilms.com\/","name":"B\u00f3veda Films","description":"Wedding videographers in Seville and throughout Spain","publisher":{"@id":"https:\/\/bovedafilms.com\/#organization"},"alternateName":"B\u00f3veda Films vide\u00f3grafos de boda","potentialAction":[{"@type":"SearchAction","target":{"@type":"EntryPoint","urlTemplate":"https:\/\/bovedafilms.com\/?s={search_term_string}"},"query-input":{"@type":"PropertyValueSpecification","valueRequired":true,"valueName":"search_term_string"}}],"inLanguage":"en-GB"},{"@type":"Organization","@id":"https:\/\/bovedafilms.com\/#organization","name":"B\u00f3veda Films","alternateName":"Vide\u00f3grafos de boda B\u00f3veda Films","url":"https:\/\/bovedafilms.com\/","logo":{"@type":"ImageObject","inLanguage":"en-GB","@id":"https:\/\/bovedafilms.com\/#\/schema\/logo\/image\/","url":"https:\/\/bovedafilms.com\/wp-content\/uploads\/2025\/09\/cropped-favicon-1.webp","contentUrl":"https:\/\/bovedafilms.com\/wp-content\/uploads\/2025\/09\/cropped-favicon-1.webp","width":512,"height":512,"caption":"B\u00f3veda Films"},"image":{"@id":"https:\/\/bovedafilms.com\/#\/schema\/logo\/image\/"},"sameAs":["https:\/\/www.instagram.com\/bovedafilms\/","https:\/\/vimeo.com\/bovedafilms","https:\/\/www.tiktok.com\/@bovedafilms","https:\/\/www.facebook.com\/bovedafilms\/"]}]}},"_links":{"self":[{"href":"https:\/\/bovedafilms.com\/en\/wp-json\/wp\/v2\/pages\/49","targetHints":{"allow":["GET"]}}],"collection":[{"href":"https:\/\/bovedafilms.com\/en\/wp-json\/wp\/v2\/pages"}],"about":[{"href":"https:\/\/bovedafilms.com\/en\/wp-json\/wp\/v2\/types\/page"}],"author":[{"embeddable":true,"href":"https:\/\/bovedafilms.com\/en\/wp-json\/wp\/v2\/users\/2"}],"replies":[{"embeddable":true,"href":"https:\/\/bovedafilms.com\/en\/wp-json\/wp\/v2\/comments?post=49"}],"version-history":[{"count":0,"href":"https:\/\/bovedafilms.com\/en\/wp-json\/wp\/v2\/pages\/49\/revisions"}],"wp:attachment":[{"href":"https:\/\/bovedafilms.com\/en\/wp-json\/wp\/v2\/media?parent=49"}],"curies":[{"name":"wp","href":"https:\/\/api.w.org\/{rel}","templated":true}]}}