{"id":54,"date":"2025-07-14T12:30:13","date_gmt":"2025-07-14T10:30:13","guid":{"rendered":"https:\/\/bovedafilms.com\/?page_id=54"},"modified":"2025-10-03T11:58:11","modified_gmt":"2025-10-03T09:58:11","slug":"site-map","status":"publish","type":"page","link":"https:\/\/bovedafilms.com\/en\/mapa-web\/","title":{"rendered":"Web map"},"content":{"rendered":"<div data-elementor-type=\"wp-page\" data-elementor-id=\"54\" class=\"elementor elementor-54\" data-elementor-post-type=\"page\">\n\t\t\t\t<div class=\"elementor-element elementor-element-5902a67 e-flex e-con-boxed e-con e-parent\" data-id=\"5902a67\" data-element_type=\"container\" data-e-type=\"container\">\n\t\t\t\t\t<div class=\"e-con-inner\">\n\t\t\t\t<div class=\"elementor-element elementor-element-012e471 elementor-widget elementor-widget-heading\" data-id=\"012e471\" data-element_type=\"widget\" data-e-type=\"widget\" data-widget_type=\"heading.default\">\n\t\t\t\t\t<h1 class=\"elementor-heading-title elementor-size-default\">Web map<\/h1>\t\t\t\t<\/div>\n\t\t<div class=\"elementor-element elementor-element-33d386d e-flex e-con-boxed e-con e-child\" data-id=\"33d386d\" data-element_type=\"container\" data-e-type=\"container\">\n\t\t\t\t\t<div class=\"e-con-inner\">\n\t\t<div class=\"elementor-element elementor-element-fd7a859 e-flex e-con-boxed e-con e-child\" data-id=\"fd7a859\" data-element_type=\"container\" data-e-type=\"container\">\n\t\t\t\t\t<div class=\"e-con-inner\">\n\t\t\t\t<div class=\"elementor-element elementor-element-a4b56ad elementor-widget elementor-widget-heading\" data-id=\"a4b56ad\" data-element_type=\"widget\" data-e-type=\"widget\" data-widget_type=\"heading.default\">\n\t\t\t\t\t<h2 class=\"elementor-heading-title elementor-size-default\">Web<\/h2>\t\t\t\t<\/div>\n\t\t\t\t<div class=\"elementor-element elementor-element-659bdc7 elementor-widget elementor-widget-text-editor\" data-id=\"659bdc7\" data-element_type=\"widget\" data-e-type=\"widget\" data-widget_type=\"text-editor.default\">\n\t\t\t\t\t\t\t\t\t<p><span style=\"text-decoration: underline;\"><strong>START<\/strong><\/span><\/p><p><span style=\"text-decoration: underline;\"><strong>CATALOG<\/strong><\/span><\/p><p><span style=\"text-decoration: underline;\"><strong>ARE<\/strong><\/span><\/p><p><span style=\"text-decoration: underline;\"><strong>AID<\/strong><\/span><\/p><p><span style=\"text-decoration: underline;\"><strong>CONTACT<\/strong><\/span><\/p>\t\t\t\t\t\t\t\t<\/div>\n\t\t\t\t\t<\/div>\n\t\t\t\t<\/div>\n\t\t<div class=\"elementor-element elementor-element-c169740 e-flex e-con-boxed e-con e-child\" data-id=\"c169740\" data-element_type=\"container\" data-e-type=\"container\">\n\t\t\t\t\t<div class=\"e-con-inner\">\n\t\t\t\t<div class=\"elementor-element elementor-element-33dda52 elementor-widget elementor-widget-heading\" data-id=\"33dda52\" data-element_type=\"widget\" data-e-type=\"widget\" data-widget_type=\"heading.default\">\n\t\t\t\t\t<h2 class=\"elementor-heading-title elementor-size-default\">Legal<\/h2>\t\t\t\t<\/div>\n\t\t\t\t<div class=\"elementor-element elementor-element-0c9bfff elementor-widget elementor-widget-text-editor\" data-id=\"0c9bfff\" data-element_type=\"widget\" data-e-type=\"widget\" data-widget_type=\"text-editor.default\">\n\t\t\t\t\t\t\t\t\t<p><a href=\"https:\/\/bovedafilms.com\/en\/privacy-policy\/\"><span style=\"text-decoration: underline;\"><b>PRIVACY<\/b><\/span><\/a><\/p><p><a href=\"https:\/\/bovedafilms.com\/en\/legal-notice\/\"><span style=\"text-decoration: underline;\"><b>LEGAL NOTICE<\/b><\/span><\/a><\/p><p><a href=\"https:\/\/bovedafilms.com\/en\/cookie-policy\/\"><span style=\"text-decoration: underline;\"><b>COOKIES<\/b><\/span><\/a><\/p><p><a href=\"https:\/\/bovedafilms.com\/en\/accessibility\/\"><span style=\"text-decoration: underline;\"><b>ACCESSIBILITY<\/b><\/span><\/a><\/p>\t\t\t\t\t\t\t\t<\/div>\n\t\t\t\t\t<\/div>\n\t\t\t\t<\/div>\n\t\t\t\t\t<\/div>\n\t\t\t\t<\/div>\n\t\t\t\t\t<\/div>\n\t\t\t\t<\/div>\n\t\t\t\t<\/div>","protected":false},"excerpt":{"rendered":"<p>Sitemap HOME CATALOGUE ABOUT US HELP CONTACT Legal PRIVACY LEGAL NOTICE COOKIES ACCESSIBILITY<\/p>","protected":false},"author":2,"featured_media":0,"parent":0,"menu_order":0,"comment_status":"closed","ping_status":"closed","template":"","meta":{"_acf_changed":false,"footnotes":""},"class_list":["post-54","page","type-page","status-publish","hentry"],"acf":[],"yoast_head":"<!-- This site is optimized with the Yoast SEO plugin v27.4 - https:\/\/yoast.com\/product\/yoast-seo-wordpress\/ -->\n<title>Mapa web | B\u00f3veda Films<\/title>\n<meta name=\"robots\" content=\"noindex, follow\" \/>\n<meta property=\"og:locale\" content=\"en_GB\" \/>\n<meta property=\"og:type\" content=\"article\" \/>\n<meta property=\"og:title\" content=\"Mapa web | B\u00f3veda Films\" \/>\n<meta property=\"og:description\" content=\"Mapa web Web INICIO CAT\u00c1LOGO SOMOS AYUDA CONTACTO Legales PRIVACIDAD AVISO LEGAL COOKIES ACCESIBILIDAD\" \/>\n<meta property=\"og:url\" content=\"https:\/\/bovedafilms.com\/en\/site-map\/\" \/>\n<meta property=\"og:site_name\" content=\"B\u00f3veda Films\" \/>\n<meta property=\"article:modified_time\" content=\"2025-10-03T09:58:11+00:00\" \/>\n<meta name=\"twitter:card\" content=\"summary_large_image\" \/>\n<meta name=\"twitter:label1\" content=\"Estimated reading time\" \/>\n\t<meta name=\"twitter:data1\" content=\"1 minute\" \/>\n<script type=\"application\/ld+json\" class=\"yoast-schema-graph\">{\"@context\":\"https:\\\/\\\/schema.org\",\"@graph\":[{\"@type\":\"WebPage\",\"@id\":\"https:\\\/\\\/bovedafilms.com\\\/mapa-web\\\/\",\"url\":\"https:\\\/\\\/bovedafilms.com\\\/mapa-web\\\/\",\"name\":\"Mapa web | B\u00f3veda Films\",\"isPartOf\":{\"@id\":\"https:\\\/\\\/bovedafilms.com\\\/#website\"},\"datePublished\":\"2025-07-14T10:30:13+00:00\",\"dateModified\":\"2025-10-03T09:58:11+00:00\",\"breadcrumb\":{\"@id\":\"https:\\\/\\\/bovedafilms.com\\\/mapa-web\\\/#breadcrumb\"},\"inLanguage\":\"en-GB\",\"potentialAction\":[{\"@type\":\"ReadAction\",\"target\":[\"https:\\\/\\\/bovedafilms.com\\\/mapa-web\\\/\"]}]},{\"@type\":\"BreadcrumbList\",\"@id\":\"https:\\\/\\\/bovedafilms.com\\\/mapa-web\\\/#breadcrumb\",\"itemListElement\":[{\"@type\":\"ListItem\",\"position\":1,\"name\":\"Portada\",\"item\":\"https:\\\/\\\/bovedafilms.com\\\/\"},{\"@type\":\"ListItem\",\"position\":2,\"name\":\"Mapa web\"}]},{\"@type\":\"WebSite\",\"@id\":\"https:\\\/\\\/bovedafilms.com\\\/#website\",\"url\":\"https:\\\/\\\/bovedafilms.com\\\/\",\"name\":\"B\u00f3veda Films\",\"description\":\"Vide\u00f3grafos de boda en Sevilla y toda Espa\u00f1a\",\"publisher\":{\"@id\":\"https:\\\/\\\/bovedafilms.com\\\/#organization\"},\"alternateName\":\"B\u00f3veda Films vide\u00f3grafos de boda\",\"potentialAction\":[{\"@type\":\"SearchAction\",\"target\":{\"@type\":\"EntryPoint\",\"urlTemplate\":\"https:\\\/\\\/bovedafilms.com\\\/?s={search_term_string}\"},\"query-input\":{\"@type\":\"PropertyValueSpecification\",\"valueRequired\":true,\"valueName\":\"search_term_string\"}}],\"inLanguage\":\"en-GB\"},{\"@type\":\"Organization\",\"@id\":\"https:\\\/\\\/bovedafilms.com\\\/#organization\",\"name\":\"B\u00f3veda Films\",\"alternateName\":\"Vide\u00f3grafos de boda B\u00f3veda Films\",\"url\":\"https:\\\/\\\/bovedafilms.com\\\/\",\"logo\":{\"@type\":\"ImageObject\",\"inLanguage\":\"en-GB\",\"@id\":\"https:\\\/\\\/bovedafilms.com\\\/#\\\/schema\\\/logo\\\/image\\\/\",\"url\":\"https:\\\/\\\/bovedafilms.com\\\/wp-content\\\/uploads\\\/2025\\\/09\\\/cropped-favicon-1.webp\",\"contentUrl\":\"https:\\\/\\\/bovedafilms.com\\\/wp-content\\\/uploads\\\/2025\\\/09\\\/cropped-favicon-1.webp\",\"width\":512,\"height\":512,\"caption\":\"B\u00f3veda Films\"},\"image\":{\"@id\":\"https:\\\/\\\/bovedafilms.com\\\/#\\\/schema\\\/logo\\\/image\\\/\"},\"sameAs\":[\"https:\\\/\\\/www.instagram.com\\\/bovedafilms\\\/\",\"https:\\\/\\\/vimeo.com\\\/bovedafilms\",\"https:\\\/\\\/www.tiktok.com\\\/@bovedafilms\",\"https:\\\/\\\/www.facebook.com\\\/bovedafilms\\\/\"]}]}<\/script>\n<!-- \/ Yoast SEO plugin. -->","yoast_head_json":{"title":"Site map | Vault Films","robots":{"index":"noindex","follow":"follow"},"og_locale":"en_GB","og_type":"article","og_title":"Mapa web | B\u00f3veda Films","og_description":"Mapa web Web INICIO CAT\u00c1LOGO SOMOS AYUDA CONTACTO Legales PRIVACIDAD AVISO LEGAL COOKIES ACCESIBILIDAD","og_url":"https:\/\/bovedafilms.com\/en\/site-map\/","og_site_name":"B\u00f3veda Films","article_modified_time":"2025-10-03T09:58:11+00:00","twitter_card":"summary_large_image","twitter_misc":{"Estimated reading time":"1 minute"},"schema":{"@context":"https:\/\/schema.org","@graph":[{"@type":"WebPage","@id":"https:\/\/bovedafilms.com\/mapa-web\/","url":"https:\/\/bovedafilms.com\/mapa-web\/","name":"Site map | Vault Films","isPartOf":{"@id":"https:\/\/bovedafilms.com\/#website"},"datePublished":"2025-07-14T10:30:13+00:00","dateModified":"2025-10-03T09:58:11+00:00","breadcrumb":{"@id":"https:\/\/bovedafilms.com\/mapa-web\/#breadcrumb"},"inLanguage":"en-GB","potentialAction":[{"@type":"ReadAction","target":["https:\/\/bovedafilms.com\/mapa-web\/"]}]},{"@type":"BreadcrumbList","@id":"https:\/\/bovedafilms.com\/mapa-web\/#breadcrumb","itemListElement":[{"@type":"ListItem","position":1,"name":"Portada","item":"https:\/\/bovedafilms.com\/"},{"@type":"ListItem","position":2,"name":"Mapa web"}]},{"@type":"WebSite","@id":"https:\/\/bovedafilms.com\/#website","url":"https:\/\/bovedafilms.com\/","name":"B\u00f3veda Films","description":"Wedding videographers in Seville and throughout Spain","publisher":{"@id":"https:\/\/bovedafilms.com\/#organization"},"alternateName":"B\u00f3veda Films vide\u00f3grafos de boda","potentialAction":[{"@type":"SearchAction","target":{"@type":"EntryPoint","urlTemplate":"https:\/\/bovedafilms.com\/?s={search_term_string}"},"query-input":{"@type":"PropertyValueSpecification","valueRequired":true,"valueName":"search_term_string"}}],"inLanguage":"en-GB"},{"@type":"Organization","@id":"https:\/\/bovedafilms.com\/#organization","name":"B\u00f3veda Films","alternateName":"Vide\u00f3grafos de boda B\u00f3veda Films","url":"https:\/\/bovedafilms.com\/","logo":{"@type":"ImageObject","inLanguage":"en-GB","@id":"https:\/\/bovedafilms.com\/#\/schema\/logo\/image\/","url":"https:\/\/bovedafilms.com\/wp-content\/uploads\/2025\/09\/cropped-favicon-1.webp","contentUrl":"https:\/\/bovedafilms.com\/wp-content\/uploads\/2025\/09\/cropped-favicon-1.webp","width":512,"height":512,"caption":"B\u00f3veda Films"},"image":{"@id":"https:\/\/bovedafilms.com\/#\/schema\/logo\/image\/"},"sameAs":["https:\/\/www.instagram.com\/bovedafilms\/","https:\/\/vimeo.com\/bovedafilms","https:\/\/www.tiktok.com\/@bovedafilms","https:\/\/www.facebook.com\/bovedafilms\/"]}]}},"_links":{"self":[{"href":"https:\/\/bovedafilms.com\/en\/wp-json\/wp\/v2\/pages\/54","targetHints":{"allow":["GET"]}}],"collection":[{"href":"https:\/\/bovedafilms.com\/en\/wp-json\/wp\/v2\/pages"}],"about":[{"href":"https:\/\/bovedafilms.com\/en\/wp-json\/wp\/v2\/types\/page"}],"author":[{"embeddable":true,"href":"https:\/\/bovedafilms.com\/en\/wp-json\/wp\/v2\/users\/2"}],"replies":[{"embeddable":true,"href":"https:\/\/bovedafilms.com\/en\/wp-json\/wp\/v2\/comments?post=54"}],"version-history":[{"count":0,"href":"https:\/\/bovedafilms.com\/en\/wp-json\/wp\/v2\/pages\/54\/revisions"}],"wp:attachment":[{"href":"https:\/\/bovedafilms.com\/en\/wp-json\/wp\/v2\/media?parent=54"}],"curies":[{"name":"wp","href":"https:\/\/api.w.org\/{rel}","templated":true}]}}